{"id":2831,"date":"2026-04-11T00:42:12","date_gmt":"2026-04-10T22:42:12","guid":{"rendered":"https:\/\/www.supsilesia.pl\/supcup\/?page_id=2831"},"modified":"2026-04-11T00:46:40","modified_gmt":"2026-04-10T22:46:40","slug":"patroni-2026","status":"publish","type":"page","link":"https:\/\/www.supsilesia.pl\/supcup\/patroni-2026\/","title":{"rendered":"Patroni 2026"},"content":{"rendered":"<style>.wp-block-kadence-advancedgallery .kb-gallery-type-masonry.kb-gallery-id-2831_1e2496-2a{margin:-14.5px;}.kb-gallery-type-masonry.kb-gallery-id-2831_1e2496-2a .kadence-blocks-gallery-item{padding:14.5px;}.kb-gallery-id-2831_1e2496-2a .kadence-blocks-gallery-item .kb-gal-image-radius, .kb-gallery-id-2831_1e2496-2a .kb-slide-item .kb-gal-image-radius img{border-radius:0px 0px 0px 0px;;}<\/style><div class=\"kb-gallery-wrap-id-2831_1e2496-2a alignnone wp-block-kadence-advancedgallery\"><ul class=\"kb-gallery-ul kb-gallery-non-static kb-gallery-type-masonry kb-masonry-init kb-gallery-id-2831_1e2496-2a kb-gallery-caption-style-bottom-hover kb-gallery-filter-none\" data-image-filter=\"none\" data-item-selector=\".kadence-blocks-gallery-item\" data-lightbox-caption=\"true\" data-columns-xxl=\"4\" data-columns-xl=\"4\" data-columns-md=\"4\" data-columns-sm=\"3\" data-columns-xs=\"2\" data-columns-ss=\"2\"><li class=\"kadence-blocks-gallery-item\" tabindex=\"0\"><div class=\"kadence-blocks-gallery-item-inner\"><figure class=\"kb-gallery-figure kadence-blocks-gallery-item-hide-caption\"><div class=\"kb-gal-image-radius\" style=\"max-width:211px;\"><div class=\"kb-gallery-image-contain kadence-blocks-gallery-intrinsic\" style=\"padding-bottom:45%;\"><img loading=\"lazy\" decoding=\"async\" src=\"https:\/\/www.supsilesia.pl\/supcup\/wp-content\/uploads\/2025\/05\/logo-dabrowa-gornicza-.png\" width=\"211\" height=\"97\" alt=\"\" data-full-image=\"https:\/\/www.supsilesia.pl\/supcup\/wp-content\/uploads\/2025\/05\/logo-dabrowa-gornicza-.png\" data-light-image=\"https:\/\/www.supsilesia.pl\/supcup\/wp-content\/uploads\/2025\/05\/logo-dabrowa-gornicza-.png\" data-id=\"2130\" class=\"wp-image-2130\"\/><\/div><\/div><\/figure><\/div><\/li><li class=\"kadence-blocks-gallery-item\" tabindex=\"0\"><div class=\"kadence-blocks-gallery-item-inner\"><figure class=\"kb-gallery-figure kadence-blocks-gallery-item-hide-caption\"><div class=\"kb-gal-image-radius\" style=\"max-width:788px;\"><div class=\"kb-gallery-image-contain kadence-blocks-gallery-intrinsic\" style=\"padding-bottom:100%;\"><img loading=\"lazy\" decoding=\"async\" src=\"https:\/\/www.supsilesia.pl\/supcup\/wp-content\/uploads\/2025\/05\/tiki_kwadrat.jpg\" width=\"788\" height=\"788\" alt=\"\" data-full-image=\"https:\/\/www.supsilesia.pl\/supcup\/wp-content\/uploads\/2025\/05\/tiki_kwadrat.jpg\" data-light-image=\"https:\/\/www.supsilesia.pl\/supcup\/wp-content\/uploads\/2025\/05\/tiki_kwadrat.jpg\" data-id=\"2137\" class=\"wp-image-2137\" srcset=\"https:\/\/www.supsilesia.pl\/supcup\/wp-content\/uploads\/2025\/05\/tiki_kwadrat.jpg 788w, https:\/\/www.supsilesia.pl\/supcup\/wp-content\/uploads\/2025\/05\/tiki_kwadrat-300x300.jpg 300w, https:\/\/www.supsilesia.pl\/supcup\/wp-content\/uploads\/2025\/05\/tiki_kwadrat-150x150.jpg 150w, https:\/\/www.supsilesia.pl\/supcup\/wp-content\/uploads\/2025\/05\/tiki_kwadrat-768x768.jpg 768w\" sizes=\"auto, (max-width: 788px) 100vw, 788px\" \/><\/div><\/div><\/figure><\/div><\/li><li class=\"kadence-blocks-gallery-item\" tabindex=\"0\"><div class=\"kadence-blocks-gallery-item-inner\"><figure class=\"kb-gallery-figure kadence-blocks-gallery-item-hide-caption\"><div class=\"kb-gal-image-radius\" style=\"max-width:266px;\"><div class=\"kb-gallery-image-contain kadence-blocks-gallery-intrinsic\" style=\"padding-bottom:31%;\"><img loading=\"lazy\" decoding=\"async\" src=\"https:\/\/www.supsilesia.pl\/supcup\/wp-content\/uploads\/2025\/05\/logo-CSIR.png\" width=\"266\" height=\"84\" alt=\"\" data-full-image=\"https:\/\/www.supsilesia.pl\/supcup\/wp-content\/uploads\/2025\/05\/logo-CSIR.png\" data-light-image=\"https:\/\/www.supsilesia.pl\/supcup\/wp-content\/uploads\/2025\/05\/logo-CSIR.png\" data-id=\"2129\" class=\"wp-image-2129\"\/><\/div><\/div><\/figure><\/div><\/li><li class=\"kadence-blocks-gallery-item\" tabindex=\"0\"><div class=\"kadence-blocks-gallery-item-inner\"><figure class=\"kb-gallery-figure kadence-blocks-gallery-item-hide-caption\"><div class=\"kb-gal-image-radius\" style=\"max-width:1000px;\"><div class=\"kb-gallery-image-contain kadence-blocks-gallery-intrinsic\" style=\"padding-bottom:26%;\"><img loading=\"lazy\" decoding=\"async\" src=\"https:\/\/www.supsilesia.pl\/supcup\/wp-content\/uploads\/2025\/05\/ActiveGames_logo_pomarancz-1.png\" width=\"1000\" height=\"268\" alt=\"\" data-full-image=\"https:\/\/www.supsilesia.pl\/supcup\/wp-content\/uploads\/2025\/05\/ActiveGames_logo_pomarancz-1.png\" data-light-image=\"https:\/\/www.supsilesia.pl\/supcup\/wp-content\/uploads\/2025\/05\/ActiveGames_logo_pomarancz-1.png\" data-id=\"2161\" class=\"wp-image-2161\" srcset=\"https:\/\/www.supsilesia.pl\/supcup\/wp-content\/uploads\/2025\/05\/ActiveGames_logo_pomarancz-1.png 1000w, https:\/\/www.supsilesia.pl\/supcup\/wp-content\/uploads\/2025\/05\/ActiveGames_logo_pomarancz-1-300x80.png 300w, https:\/\/www.supsilesia.pl\/supcup\/wp-content\/uploads\/2025\/05\/ActiveGames_logo_pomarancz-1-768x206.png 768w\" sizes=\"auto, (max-width: 1000px) 100vw, 1000px\" \/><\/div><\/div><\/figure><\/div><\/li><li class=\"kadence-blocks-gallery-item\" tabindex=\"0\"><div class=\"kadence-blocks-gallery-item-inner\"><figure class=\"kb-gallery-figure kadence-blocks-gallery-item-hide-caption\"><div class=\"kb-gal-image-radius\" style=\"max-width:1024px;\"><div class=\"kb-gallery-image-contain kadence-blocks-gallery-intrinsic\" style=\"padding-bottom:22%;\"><img loading=\"lazy\" decoding=\"async\" src=\"https:\/\/www.supsilesia.pl\/supcup\/wp-content\/uploads\/2025\/05\/hydro_4-1-1024x226.jpg\" width=\"1024\" height=\"226\" alt=\"\" data-full-image=\"https:\/\/www.supsilesia.pl\/supcup\/wp-content\/uploads\/2025\/05\/hydro_4-1.jpg\" data-light-image=\"https:\/\/www.supsilesia.pl\/supcup\/wp-content\/uploads\/2025\/05\/hydro_4-1.jpg\" data-id=\"2171\" class=\"wp-image-2171\" srcset=\"https:\/\/www.supsilesia.pl\/supcup\/wp-content\/uploads\/2025\/05\/hydro_4-1-1024x226.jpg 1024w, https:\/\/www.supsilesia.pl\/supcup\/wp-content\/uploads\/2025\/05\/hydro_4-1-300x66.jpg 300w, https:\/\/www.supsilesia.pl\/supcup\/wp-content\/uploads\/2025\/05\/hydro_4-1-768x169.jpg 768w, https:\/\/www.supsilesia.pl\/supcup\/wp-content\/uploads\/2025\/05\/hydro_4-1-1536x338.jpg 1536w, https:\/\/www.supsilesia.pl\/supcup\/wp-content\/uploads\/2025\/05\/hydro_4-1.jpg 1575w\" sizes=\"auto, (max-width: 1024px) 100vw, 1024px\" \/><\/div><\/div><\/figure><\/div><\/li><li class=\"kadence-blocks-gallery-item\" tabindex=\"0\"><div class=\"kadence-blocks-gallery-item-inner\"><figure class=\"kb-gallery-figure kadence-blocks-gallery-item-hide-caption\"><div class=\"kb-gal-image-radius\" style=\"max-width:1024px;\"><div class=\"kb-gallery-image-contain kadence-blocks-gallery-intrinsic\" style=\"padding-bottom:62%;\"><img loading=\"lazy\" decoding=\"async\" src=\"https:\/\/www.supsilesia.pl\/supcup\/wp-content\/uploads\/2025\/05\/logo-1024x644.png\" width=\"1024\" height=\"644\" alt=\"\" data-full-image=\"https:\/\/www.supsilesia.pl\/supcup\/wp-content\/uploads\/2025\/05\/logo.png\" data-light-image=\"https:\/\/www.supsilesia.pl\/supcup\/wp-content\/uploads\/2025\/05\/logo.png\" data-id=\"2180\" class=\"wp-image-2180\" srcset=\"https:\/\/www.supsilesia.pl\/supcup\/wp-content\/uploads\/2025\/05\/logo-1024x644.png 1024w, https:\/\/www.supsilesia.pl\/supcup\/wp-content\/uploads\/2025\/05\/logo-300x189.png 300w, https:\/\/www.supsilesia.pl\/supcup\/wp-content\/uploads\/2025\/05\/logo-768x483.png 768w, https:\/\/www.supsilesia.pl\/supcup\/wp-content\/uploads\/2025\/05\/logo-1536x966.png 1536w, https:\/\/www.supsilesia.pl\/supcup\/wp-content\/uploads\/2025\/05\/logo-2048x1288.png 2048w\" sizes=\"auto, (max-width: 1024px) 100vw, 1024px\" \/><\/div><\/div><\/figure><\/div><\/li><li class=\"kadence-blocks-gallery-item\" tabindex=\"0\"><div class=\"kadence-blocks-gallery-item-inner\"><figure class=\"kb-gallery-figure kadence-blocks-gallery-item-hide-caption\"><div class=\"kb-gal-image-radius\" style=\"max-width:1024px;\"><div class=\"kb-gallery-image-contain kadence-blocks-gallery-intrinsic\" style=\"padding-bottom:46%;\"><img loading=\"lazy\" decoding=\"async\" src=\"https:\/\/www.supsilesia.pl\/supcup\/wp-content\/uploads\/2025\/05\/logo-Multi-Instal-1-1024x477.jpg\" width=\"1024\" height=\"477\" alt=\"\" data-full-image=\"https:\/\/www.supsilesia.pl\/supcup\/wp-content\/uploads\/2025\/05\/logo-Multi-Instal-1.jpg\" data-light-image=\"https:\/\/www.supsilesia.pl\/supcup\/wp-content\/uploads\/2025\/05\/logo-Multi-Instal-1.jpg\" data-id=\"2131\" class=\"wp-image-2131\" srcset=\"https:\/\/www.supsilesia.pl\/supcup\/wp-content\/uploads\/2025\/05\/logo-Multi-Instal-1-1024x477.jpg 1024w, https:\/\/www.supsilesia.pl\/supcup\/wp-content\/uploads\/2025\/05\/logo-Multi-Instal-1-300x140.jpg 300w, https:\/\/www.supsilesia.pl\/supcup\/wp-content\/uploads\/2025\/05\/logo-Multi-Instal-1-768x357.jpg 768w, https:\/\/www.supsilesia.pl\/supcup\/wp-content\/uploads\/2025\/05\/logo-Multi-Instal-1.jpg 1171w\" sizes=\"auto, (max-width: 1024px) 100vw, 1024px\" \/><\/div><\/div><\/figure><\/div><\/li><li class=\"kadence-blocks-gallery-item\" tabindex=\"0\"><div class=\"kadence-blocks-gallery-item-inner\"><figure class=\"kb-gallery-figure kadence-blocks-gallery-item-hide-caption\"><div class=\"kb-gal-image-radius\" style=\"max-width:1024px;\"><div class=\"kb-gallery-image-contain kadence-blocks-gallery-intrinsic\" style=\"padding-bottom:52%;\"><img loading=\"lazy\" decoding=\"async\" src=\"https:\/\/www.supsilesia.pl\/supcup\/wp-content\/uploads\/2025\/05\/cropped-Obszar-roboczy-1-1024x541.png\" width=\"1024\" height=\"541\" alt=\"\" data-full-image=\"https:\/\/www.supsilesia.pl\/supcup\/wp-content\/uploads\/2025\/05\/cropped-Obszar-roboczy-1.png\" data-light-image=\"https:\/\/www.supsilesia.pl\/supcup\/wp-content\/uploads\/2025\/05\/cropped-Obszar-roboczy-1.png\" data-id=\"1879\" class=\"wp-image-1879\" srcset=\"https:\/\/www.supsilesia.pl\/supcup\/wp-content\/uploads\/2025\/05\/cropped-Obszar-roboczy-1-1024x541.png 1024w, https:\/\/www.supsilesia.pl\/supcup\/wp-content\/uploads\/2025\/05\/cropped-Obszar-roboczy-1-300x159.png 300w, https:\/\/www.supsilesia.pl\/supcup\/wp-content\/uploads\/2025\/05\/cropped-Obszar-roboczy-1-768x406.png 768w, https:\/\/www.supsilesia.pl\/supcup\/wp-content\/uploads\/2025\/05\/cropped-Obszar-roboczy-1.png 1128w\" sizes=\"auto, (max-width: 1024px) 100vw, 1024px\" \/><\/div><\/div><\/figure><\/div><\/li><li class=\"kadence-blocks-gallery-item\" tabindex=\"0\"><div class=\"kadence-blocks-gallery-item-inner\"><figure class=\"kb-gallery-figure kadence-blocks-gallery-item-hide-caption\"><div class=\"kb-gal-image-radius\" style=\"max-width:644px;\"><div class=\"kb-gallery-image-contain kadence-blocks-gallery-intrinsic\" style=\"padding-bottom:34%;\"><img loading=\"lazy\" decoding=\"async\" src=\"https:\/\/www.supsilesia.pl\/supcup\/wp-content\/uploads\/2025\/05\/Media-Gold-logo-1.jpg\" width=\"644\" height=\"221\" alt=\"\" data-full-image=\"https:\/\/www.supsilesia.pl\/supcup\/wp-content\/uploads\/2025\/05\/Media-Gold-logo-1.jpg\" data-light-image=\"https:\/\/www.supsilesia.pl\/supcup\/wp-content\/uploads\/2025\/05\/Media-Gold-logo-1.jpg\" data-id=\"2134\" class=\"wp-image-2134\" srcset=\"https:\/\/www.supsilesia.pl\/supcup\/wp-content\/uploads\/2025\/05\/Media-Gold-logo-1.jpg 644w, https:\/\/www.supsilesia.pl\/supcup\/wp-content\/uploads\/2025\/05\/Media-Gold-logo-1-300x103.jpg 300w\" sizes=\"auto, (max-width: 644px) 100vw, 644px\" \/><\/div><\/div><\/figure><\/div><\/li><\/ul><\/div>\n\n<style>.kb-row-layout-id428_5a9fc5-51 > .kt-row-column-wrap{align-content:start;}:where(.kb-row-layout-id428_5a9fc5-51 > .kt-row-column-wrap) > .wp-block-kadence-column{justify-content:start;}.kb-row-layout-id428_5a9fc5-51 > .kt-row-column-wrap{column-gap:var(--global-kb-gap-md, 2rem);row-gap:var(--global-kb-gap-md, 2rem);max-width:1515px;margin-left:auto;margin-right:auto;padding-top:23px;padding-right:0px;padding-bottom:23px;padding-left:0px;grid-template-columns:minmax(0, calc(45% - ((var(--global-kb-gap-md, 2rem) * 1 )\/2)))minmax(0, calc(55% - ((var(--global-kb-gap-md, 2rem) * 1 )\/2)));}.kb-row-layout-id428_5a9fc5-51{background-image:url('https:\/\/www.supsilesia.pl\/supcup\/wp-content\/uploads\/2025\/04\/476816276_605765088868431_3951630922005672535_n.jpg');background-size:cover;background-position:center center;background-attachment:fixed;background-repeat:no-repeat;}.kb-row-layout-id428_5a9fc5-51 > .kt-row-layout-overlay{opacity:0.80;background-color:rgba(249, 92, 86, 0);mix-blend-mode:normal;}.kb-row-layout-id428_5a9fc5-51 .kt-row-layout-top-sep{height:100px;}.kb-row-layout-id428_5a9fc5-51 .kt-row-layout-top-sep svg{width:100%;}.kb-row-layout-id428_5a9fc5-51 .kt-row-layout-top-sep svg{fill:var(--global-palette8, #F7FAFC)!important;}@media all and (max-width: 1024px), only screen and (min-device-width: 1024px) and (max-device-width: 1366px) and (-webkit-min-device-pixel-ratio: 2) and (hover: none){.kb-row-layout-id428_5a9fc5-51{background-attachment:scroll;}}@media all and (max-width: 1024px){.kb-row-layout-id428_5a9fc5-51 > .kt-row-column-wrap{max-width:724px;margin-left:auto;margin-right:auto;padding-top:23px;padding-bottom:23px;grid-template-columns:repeat(2, minmax(0, 1fr));}}@media all and (max-width: 767px){.kb-row-layout-id428_5a9fc5-51 > .kt-row-column-wrap{row-gap:var(--global-kb-gap-sm, 1rem);padding-top:19px;padding-right:15px;padding-bottom:19px;padding-left:15px;grid-template-columns:minmax(0, 1fr);}.kb-row-layout-id428_5a9fc5-51 .kt-row-layout-top-sep{height:20px;}}<\/style><div class=\"kb-row-layout-wrap kb-row-layout-id428_5a9fc5-51 alignfull kt-row-has-bg wp-block-kadence-rowlayout\"><div class=\"kt-row-layout-overlay kt-row-overlay-normal\"><\/div><div class=\"kt-row-layout-top-sep kt-row-sep-type-wavei\"><svg viewBox=\"0 0 1000 100\" preserveAspectRatio=\"none\"><path d=\"M0,40c0,0 120.077,-38.076 250,-38c129.923,0.076 345.105,78 500,78c154.895,0 250,-30 250,-30l0,50l-1000,0l0,-60Z\" \/><\/svg><\/div><div class=\"kt-row-column-wrap kt-has-2-columns kt-row-layout-equal kt-tab-layout-equal kt-mobile-layout-row kt-row-valign-top\">\n<style>.kadence-column428_355323-bc > .kt-inside-inner-col{display:flex;}.kadence-column428_355323-bc > .kt-inside-inner-col,.kadence-column428_355323-bc > .kt-inside-inner-col:before{border-top-left-radius:0px;border-top-right-radius:0px;border-bottom-right-radius:0px;border-bottom-left-radius:0px;}.kadence-column428_355323-bc > .kt-inside-inner-col{column-gap:var(--global-kb-gap-sm, 1rem);}.kadence-column428_355323-bc > .kt-inside-inner-col{flex-direction:column;justify-content:center;}.kadence-column428_355323-bc > .kt-inside-inner-col > .aligncenter{width:100%;}.kt-row-column-wrap > .kadence-column428_355323-bc{align-self:center;}.kt-inner-column-height-full:not(.kt-has-1-columns) > .wp-block-kadence-column.kadence-column428_355323-bc{align-self:auto;}.kt-inner-column-height-full:not(.kt-has-1-columns) > .wp-block-kadence-column.kadence-column428_355323-bc > .kt-inside-inner-col{flex-direction:column;justify-content:center;}.kadence-column428_355323-bc > .kt-inside-inner-col:before{opacity:0.3;}.kadence-column428_355323-bc{position:relative;}@media all and (max-width: 1024px){.kt-row-column-wrap > .kadence-column428_355323-bc{align-self:center;}}@media all and (max-width: 1024px){.kt-inner-column-height-full:not(.kt-has-1-columns) > .wp-block-kadence-column.kadence-column428_355323-bc{align-self:auto;}}@media all and (max-width: 1024px){.kt-inner-column-height-full:not(.kt-has-1-columns) > .wp-block-kadence-column.kadence-column428_355323-bc > .kt-inside-inner-col{flex-direction:column;justify-content:center;}}@media all and (max-width: 1024px){.kadence-column428_355323-bc > .kt-inside-inner-col{flex-direction:column;justify-content:center;}}@media all and (max-width: 767px){.kt-row-column-wrap > .kadence-column428_355323-bc{align-self:center;}.kt-inner-column-height-full:not(.kt-has-1-columns) > .wp-block-kadence-column.kadence-column428_355323-bc{align-self:auto;}.kt-inner-column-height-full:not(.kt-has-1-columns) > .wp-block-kadence-column.kadence-column428_355323-bc > .kt-inside-inner-col{flex-direction:column;justify-content:center;}.kadence-column428_355323-bc > .kt-inside-inner-col{flex-direction:column;justify-content:center;}}<\/style>\n<div class=\"wp-block-kadence-column kadence-column428_355323-bc\"><div class=\"kt-inside-inner-col\"><style>.wp-block-kadence-column.kb-section-dir-horizontal > .kt-inside-inner-col > .kt-info-box428_66fb8d-a9 .kt-blocks-info-box-link-wrap{max-width:unset;}.kt-info-box428_66fb8d-a9 .kt-blocks-info-box-link-wrap{background:var(--global-palette8, #F7FAFC);padding-top:var(--global-kb-spacing-xs, 1rem);padding-right:var(--global-kb-spacing-xs, 1rem);padding-bottom:var(--global-kb-spacing-xs, 1rem);padding-left:var(--global-kb-spacing-xs, 1rem);}.kt-info-box428_66fb8d-a9 .kadence-info-box-icon-container .kt-info-svg-icon, .kt-info-box428_66fb8d-a9 .kt-info-svg-icon-flip, .kt-info-box428_66fb8d-a9 .kt-blocks-info-box-number{font-size:50px;}.kt-info-box428_66fb8d-a9 .kt-blocks-info-box-media{color:var(--global-palette5, #4A5568);background:var(--global-palette9, #ffffff);border-color:var(--global-palette5, #4A5568);border-top-width:0px;border-right-width:0px;border-bottom-width:0px;border-left-width:0px;padding-top:10px;padding-right:10px;padding-bottom:10px;padding-left:10px;}.kt-info-box428_66fb8d-a9 .kt-blocks-info-box-media-container{margin-top:0px;margin-right:15px;margin-bottom:0px;margin-left:15px;}.kt-info-box428_66fb8d-a9 .kt-infobox-textcontent h3.kt-blocks-info-box-title{color:var(--global-palette1, #3182CE);font-size:20px;padding-top:0px;padding-right:0px;padding-bottom:0px;padding-left:0px;margin-top:5px;margin-right:0px;margin-bottom:10px;margin-left:0px;}.kt-info-box428_66fb8d-a9 .kt-blocks-info-box-link-wrap:hover h3.kt-blocks-info-box-title{color:var(--global-palette1, #3182CE);}.kt-info-box428_66fb8d-a9 .kt-infobox-textcontent .kt-blocks-info-box-text{color:var(--global-palette3, #1A202C);}.wp-block-kadence-infobox.kt-info-box428_66fb8d-a9 .kt-blocks-info-box-text{font-size:15px;}.kt-info-box428_66fb8d-a9 .kt-blocks-info-box-learnmore{background:transparent;border-width:0px 0px 0px 0px;padding-top:4px;padding-right:8px;padding-bottom:4px;padding-left:8px;margin-top:10px;margin-right:0px;margin-bottom:10px;margin-left:0px;}@media all and (max-width: 1024px){.kt-info-box428_66fb8d-a9 .kt-blocks-info-box-link-wrap{text-align:left;}}@media all and (max-width: 1024px){.wp-block-kadence-infobox.kt-info-box428_66fb8d-a9 .kt-blocks-info-box-text{font-size:13px;}}@media all and (max-width: 767px){.wp-block-kadence-column.kb-section-dir-horizontal > .kt-inside-inner-col > .kt-info-box428_66fb8d-a9{max-width:2000px;}.kt-info-box428_66fb8d-a9 .kt-blocks-info-box-link-wrap{text-align:left;max-width:2000px;}.kt-info-box428_66fb8d-a9 .kt-infobox-textcontent h3.kt-blocks-info-box-title{font-size:var(--global-kb-font-size-sm, 0.9rem);}.wp-block-kadence-infobox.kt-info-box428_66fb8d-a9 .kt-blocks-info-box-text{font-size:var(--global-kb-font-size-sm, 0.9rem);}}<\/style>\n<div class=\"wp-block-kadence-infobox kt-info-box428_66fb8d-a9\"><a class=\"kt-blocks-info-box-link-wrap info-box-link kt-blocks-info-box-media-align-top kt-info-halign-center kb-info-tablet-halign-left kb-info-mobile-halign-left\" href=\"https:\/\/maps.app.goo.gl\/P4ETXi9FYAZhfWoa9\" aria-label=\"jak dojecha\u0107 \"><div class=\"kt-infobox-textcontent\"><h3 class=\"kt-blocks-info-box-title\">Jak dojecha\u0107 na zawody?<\/h3><p class=\"kt-blocks-info-box-text\">Zawody odb\u0119d\u0105 si\u0119 na pla\u017cy przy zbiorniku Pogoria 3<br>Malinowe G\u00f3rki, 41-310 D\u0105browa G\u00f3rnicza.<\/p><\/div><\/a><\/div>\n<\/div><\/div>\n\n\n<style>.kadence-column428_cc09d1-db > .kt-inside-inner-col,.kadence-column428_cc09d1-db > .kt-inside-inner-col:before{border-top-left-radius:0px;border-top-right-radius:0px;border-bottom-right-radius:0px;border-bottom-left-radius:0px;}.kadence-column428_cc09d1-db > .kt-inside-inner-col{column-gap:var(--global-kb-gap-sm, 1rem);}.kadence-column428_cc09d1-db > .kt-inside-inner-col{flex-direction:column;}.kadence-column428_cc09d1-db > .kt-inside-inner-col > .aligncenter{width:100%;}.kadence-column428_cc09d1-db > .kt-inside-inner-col:before{opacity:0.3;}.kadence-column428_cc09d1-db{position:relative;}@media all and (max-width: 1024px){.kadence-column428_cc09d1-db > .kt-inside-inner-col{flex-direction:column;justify-content:center;}}@media all and (max-width: 767px){.kadence-column428_cc09d1-db > .kt-inside-inner-col{flex-direction:column;justify-content:center;}}<\/style>\n<div class=\"wp-block-kadence-column kadence-column428_cc09d1-db\"><div class=\"kt-inside-inner-col\"><style>.kb-google-maps-container428_7dab16-1d{max-width:977px;height:282px;}@media all and (max-width: 767px){.kb-google-maps-container428_7dab16-1d{max-width:808px;height:170px;}}<\/style><div class=\"kb-google-maps-container kb-google-maps-container428_7dab16-1d  wp-block-kadence-googlemaps\" data-mapid=\"428_7dab161d\"><iframe width=\"100%\" height=\"100%\"\n\t\t\t\t\t\t\tstyle=\"border:0\" loading=\"lazy\"\n\t\t\t\t\t\t\tsrc=\"https:\/\/www.google.com\/maps\/embed\/v1\/place?key=AIzaSyBAM2o7PiQqwk15LC1XRH2e_KJ-jUa7KYk&#038;zoom=15&#038;maptype=roadmap&#038;q=Malinowe+G%C3%B3rki+parking%2C+41-310+D%C4%85browa+G%C3%B3rnicza\"\n\t\t\t\t\t\t\ttitle=\"Mapa Google Malinowe G\u00f3rki parking, 41-310 D\u0105browa G\u00f3rnicza\"><\/iframe><\/div><script>function kb_google_map428_7dab161d() { let center = { lat: 37.8201, lng: -122.4781}; let map = new google.maps.Map(document.getElementById(\"kb-google-map428_7dab161d\"), {\n\t\t\t\t\t    zoom: 15,\n\t\t\t\t\t    center: center,});let marker = new google.maps.Marker({   position: { lat: 37.8201, lng: -122.4781},    map: map,  });}<\/script><\/div><\/div>\n\n<\/div><\/div>","protected":false},"excerpt":{"rendered":"","protected":false},"author":4,"featured_media":0,"parent":0,"menu_order":0,"comment_status":"closed","ping_status":"closed","template":"","meta":{"_kad_post_transparent":"","_kad_post_title":"","_kad_post_layout":"","_kad_post_sidebar_id":"","_kad_post_content_style":"","_kad_post_vertical_padding":"","_kad_post_feature":"","_kad_post_feature_position":"","_kad_post_header":false,"_kad_post_footer":false,"_kad_post_classname":"","footnotes":""},"class_list":["post-2831","page","type-page","status-publish","hentry"],"_links":{"self":[{"href":"https:\/\/www.supsilesia.pl\/supcup\/wp-json\/wp\/v2\/pages\/2831","targetHints":{"allow":["GET"]}}],"collection":[{"href":"https:\/\/www.supsilesia.pl\/supcup\/wp-json\/wp\/v2\/pages"}],"about":[{"href":"https:\/\/www.supsilesia.pl\/supcup\/wp-json\/wp\/v2\/types\/page"}],"author":[{"embeddable":true,"href":"https:\/\/www.supsilesia.pl\/supcup\/wp-json\/wp\/v2\/users\/4"}],"replies":[{"embeddable":true,"href":"https:\/\/www.supsilesia.pl\/supcup\/wp-json\/wp\/v2\/comments?post=2831"}],"version-history":[{"count":2,"href":"https:\/\/www.supsilesia.pl\/supcup\/wp-json\/wp\/v2\/pages\/2831\/revisions"}],"predecessor-version":[{"id":2836,"href":"https:\/\/www.supsilesia.pl\/supcup\/wp-json\/wp\/v2\/pages\/2831\/revisions\/2836"}],"wp:attachment":[{"href":"https:\/\/www.supsilesia.pl\/supcup\/wp-json\/wp\/v2\/media?parent=2831"}],"curies":[{"name":"wp","href":"https:\/\/api.w.org\/{rel}","templated":true}]}}